{"id":26,"date":"2023-08-18T04:22:26","date_gmt":"2023-08-18T04:22:26","guid":{"rendered":"https:\/\/demo.farost.net\/wiseguard\/?page_id=26"},"modified":"2025-03-26T13:55:46","modified_gmt":"2025-03-26T13:55:46","slug":"careers","status":"publish","type":"page","link":"https:\/\/ktnag.de\/?page_id=26","title":{"rendered":"Partnerschaft"},"content":{"rendered":"\t\t<div data-elementor-type=\"wp-page\" data-elementor-id=\"26\" class=\"elementor elementor-26\">\n\t\t\t\t\t\t<section class=\"elementor-section elementor-top-section elementor-element elementor-element-7689d3d elementor-section-full_width elementor-section-height-default elementor-section-height-default cms-full-content-with-space-none cms-section-banner-no\" data-id=\"7689d3d\" data-element_type=\"section\" data-e-type=\"section\">\r\n\t\t\t\t\t\t<div class=\"elementor-container elementor-column-gap-no \" >\r\n\t\t\t        <div class=\"elementor-column elementor-col-100 elementor-top-column elementor-element elementor-element-2b3cda5\" data-id=\"2b3cda5\" data-element_type=\"column\" data-e-type=\"column\">\r\n            <div class=\"elementor-widget-wrap elementor-element-populated\">\r\n                \t\t<div class=\"elementor-element elementor-element-1ba5c88 cms-eptitle-header-transparent-yes cms-eptitle-overlay-1 elementor-invisible elementor-widget elementor-widget-cms_page_title\" data-id=\"1ba5c88\" data-element_type=\"widget\" data-e-type=\"widget\" data-settings=\"{&quot;_animation&quot;:&quot;fadeInUp&quot;}\" data-widget_type=\"cms_page_title.default\">\n\t\t\t\t<div class=\"elementor-widget-container\">\n\t\t\t\t\t<img loading=\"lazy\" decoding=\"async\" width=\"2048\" height=\"925\" src=\"https:\/\/ktnag.de\/wp-content\/uploads\/banner-1-small.webp\" class=\"cms-lazy lazy-loading img-cover cms-overlay\" alt=\"\" loading=\"lazy\" srcset=\"https:\/\/ktnag.de\/wp-content\/uploads\/banner-1-small.webp 2048w, https:\/\/ktnag.de\/wp-content\/uploads\/banner-1-small-300x135.webp 300w, https:\/\/ktnag.de\/wp-content\/uploads\/banner-1-small-80x36.webp 80w, https:\/\/ktnag.de\/wp-content\/uploads\/banner-1-small-600x271.webp 600w, https:\/\/ktnag.de\/wp-content\/uploads\/banner-1-small-1536x694.webp 1536w, https:\/\/ktnag.de\/wp-content\/uploads\/banner-1-small-18x8.webp 18w\" sizes=\"auto, (max-width: 2048px) 100vw, 2048px\" \/><div class=\"cms-eptitle-overlay cms-overlay\"><\/div><div class=\"cms-eptitle cms-eptitle-4 relative z-top text-start\">\n\t<div class=\"cms-content container text-start d-flex justify-content-start\">\n\t\t<div class=\"cms--content d-flex justify-content-start\">\n\t\t\t<div class=\"cms-small-title pb-10 w-100 text-17 font-700 pt-5 text-white empty-none\">KTN Sicherheit<\/div>\n\t\t\t<h1 class=\"cms-title w-100 text-75 text-tablet-50 text-mobile-40 font-700 lh-1 text-white w-100 empty-none\">Partnerschaft<\/h1>\n\t\t\t<div class=\"cms-desc pt-20 w-100 text-17 font-700 text-white empty-none\">Wir sind ein etabliertes Unternehmen im Bereich Schutz und Sicherheit und suchen zuverl\u00e4ssige Partner und Subunternehmen.<\/div>\n\t\t\t<div class=\"d-flex gap empty-none pt-30 w-100 pb-15 justify-content-start\" style=\"--cms-gap:30px;--cms-gap-tablet:30px;--cms-gap-mobile:20px;\"><\/div>\n\t\t<\/div>\n\t<\/div>\n\t<div class=\"cms-breadcrumbs-wrap absolute bottom-left p-20 bg-white ml-container\"><ul class=\"cms-breadcrumb unstyled justify-content-start \"><li><span class=\"breadcrumb-entry\" >Home<\/span><\/li><\/ul><\/div><\/div>\t\t\t\t<\/div>\n\t\t\t\t<\/div>\n\t\t            <\/div>\r\n        <\/div>\r\n        \t\t\t<\/div>\r\n\t\t<\/section>\r\n\t\t\t\t<section class=\"elementor-section elementor-top-section elementor-element elementor-element-9269cd0 p-tb-110 p-tb-tablet-40 elementor-section-boxed elementor-section-height-default elementor-section-height-default cms-section-banner-no\" data-id=\"9269cd0\" data-element_type=\"section\" data-e-type=\"section\">\r\n\t\t\t\t\t\t<div class=\"elementor-container elementor-column-gap-default \" >\r\n\t\t\t        <div class=\"elementor-column elementor-col-50 elementor-top-column elementor-element elementor-element-7c37626 elementor-invisible\" data-id=\"7c37626\" data-element_type=\"column\" data-e-type=\"column\" data-settings=\"{&quot;animation&quot;:&quot;fadeInLeft&quot;}\">\r\n            <div class=\"elementor-widget-wrap elementor-element-populated\">\r\n                \t\t<div class=\"elementor-element elementor-element-a855aa8 elementor-widget elementor-widget-cms_heading\" data-id=\"a855aa8\" data-element_type=\"widget\" data-e-type=\"widget\" data-widget_type=\"cms_heading.default\">\n\t\t\t\t<div class=\"elementor-widget-container\">\n\t\t\t\t\t<div class=\"cms-eheading cms-eheading-1 text-start\">\n\t<div class=\"cms-smallheading empty-none font-700 text-16 pb-10 text-accent\"><\/div>\n\t<h2 class=\"cms-heading empty-none text-\">Werden Sie unser Partner!<\/h2>\n<\/div>\t\t\t\t<\/div>\n\t\t\t\t<\/div>\n\t\t            <\/div>\r\n        <\/div>\r\n                <div class=\"elementor-column elementor-col-50 elementor-top-column elementor-element elementor-element-b774dcc elementor-invisible\" data-id=\"b774dcc\" data-element_type=\"column\" data-e-type=\"column\" data-settings=\"{&quot;animation&quot;:&quot;fadeInRight&quot;}\">\r\n            <div class=\"elementor-widget-wrap elementor-element-populated\">\r\n                \t\t<div class=\"elementor-element elementor-element-b33f135 elementor-widget elementor-widget-cms_list\" data-id=\"b33f135\" data-element_type=\"widget\" data-e-type=\"widget\" data-widget_type=\"cms_list.default\">\n\t\t\t\t<div class=\"elementor-widget-container\">\n\t\t\t\t\t<div class=\"cms-elists cms-elists-4\">\n    <div class=\"cms-smallheading text-16 font-700 empty-none text-accent  pb-15\">\"Sie sind ein erfahrenes Sicherheitsunternehmen oder selbstst\u00e4ndiger Sicherheitsdienstleister und suchen nach einer langfristigen Zusammenarbeit?\"<\/div>\n    <h3 class=\"cms-heading font-700 empty-none text-heading  pb-25\">Dann sind Sie bei KTN Sicherheit genau richtig!<\/h3>\n    <div class=\"cms-desc text-16 empty-none mt-n7 text-body  empty-none pb-25\">Als etabliertes Unternehmen im Bereich Schutz und Sicherheit sind wir auf der Suche nach <b>verl\u00e4sslichen Partnern und Subunternehmen<\/b>, die unseren bestehenden Mitarbeiterstamm erg\u00e4nzen. Unser prim\u00e4rer Fokus liegt dabei auf dem Bereich Doorman-Services.\n\nDie Einsatzgebiete erstrecken sich \u00fcber die Bundesl\u00e4nder Mecklenburg-Vorpommern, Berlin, Brandenburg, Sachsen, Sachsen-Anhalt, Th\u00fcringen und Bayern.\n\nIhre Vorteile als unser Partner:<\/div>\n    <div class=\"cms-lists cms-lists-4 font-700 text-15\">\n                    <div class=\"cms-list d-flex gap-20\">\n                <span class=\"cms-icon cmsi-check text-10 text-accent flex-auto pt-7\"><\/span>\n                <span class=\"flex-basic text-body\">Langfristige Zusammenarbeit mit einem renommierten Sicherheitsunternehmen<\/span>\n            <\/div>\n                    <div class=\"cms-list d-flex gap-20\">\n                <span class=\"cms-icon cmsi-check text-10 text-accent flex-auto pt-7\"><\/span>\n                <span class=\"flex-basic text-body\">Attraktive Auftr\u00e4ge in verschiedenen Sicherheitsbereichen<\/span>\n            <\/div>\n                    <div class=\"cms-list d-flex gap-20\">\n                <span class=\"cms-icon cmsi-check text-10 text-accent flex-auto pt-7\"><\/span>\n                <span class=\"flex-basic text-body\">Zuverl\u00e4ssige Abwicklung und faire Verg\u00fctung<\/span>\n            <\/div>\n                    <div class=\"cms-list d-flex gap-20\">\n                <span class=\"cms-icon cmsi-check text-10 text-accent flex-auto pt-7\"><\/span>\n                <span class=\"flex-basic text-body\">Flexible Einsatzm\u00f6glichkeiten nach Vereinbarung<\/span>\n            <\/div>\n                    <div class=\"cms-list d-flex gap-20\">\n                <span class=\"cms-icon cmsi-check text-10 text-accent flex-auto pt-7\"><\/span>\n                <span class=\"flex-basic text-body\">Professionelle Unterst\u00fctzung durch unser Team<\/span>\n            <\/div>\n            <\/div>\n<\/div>\t\t\t\t<\/div>\n\t\t\t\t<\/div>\n\t\t            <\/div>\r\n        <\/div>\r\n                <div class=\"elementor-column elementor-col-100 elementor-top-column elementor-element elementor-element-542adea pt-20\" data-id=\"542adea\" data-element_type=\"column\" data-e-type=\"column\">\r\n            <div class=\"elementor-widget-wrap elementor-element-populated\">\r\n                \t\t<div class=\"elementor-element elementor-element-ee376b5 elementor-widget__width-initial pt-15 elementor-invisible elementor-widget elementor-widget-cms_cta\" data-id=\"ee376b5\" data-element_type=\"widget\" data-e-type=\"widget\" data-settings=\"{&quot;_animation&quot;:&quot;fadeInUp&quot;}\" data-widget_type=\"cms_cta.default\">\n\t\t\t\t<div class=\"elementor-widget-container\">\n\t\t\t\t\t<div class=\"cms-cta cms-cta-10 text-15 font-700 text-center\">\n\t<span class=\"cms-desc text-body\">Interesse an einer Zusammenarbeit?\n\nDann freuen wir uns auf Ihre Kontaktaufnahme! Lassen Sie uns gemeinsam f\u00fcr Sicherheit sorgen. Schreiben Sie uns eine E-Mail oder rufen Sie uns direkt an \u2013 wir freuen uns auf den Austausch!<\/span>\n\t<a class=\"cms-link cms-link-1 text-accent-regular text-hover-secondary-regular bdr-accent-regular\" href=\"https:\/\/ktnag.de\/?page_id=68\">\n\t\t &gt; Kontakt\t<\/a>\n\t<\/div>\t\t\t\t<\/div>\n\t\t\t\t<\/div>\n\t\t            <\/div>\r\n        <\/div>\r\n        \t\t\t<\/div>\r\n\t\t<\/section>\r\n\t\t\t\t<\/div>\n\t\t","protected":false},"excerpt":{"rendered":"<p>KTN Sicherheit Partnerschaft Wir sind ein etabliertes Unternehmen im Bereich Schutz und Sicherheit und suchen zuverl\u00e4ssige Partner und Subunternehmen. Home Werden Sie unser Partner! &#8222;Sie sind ein erfahrenes Sicherheitsunternehmen oder selbstst\u00e4ndiger Sicherheitsdienstleister und suchen nach einer langfristigen Zusammenarbeit?&#8220; Dann sind Sie bei KTN Sicherheit genau richtig! Als etabliertes Unternehmen im Bereich Schutz und Sicherheit sind [&hellip;]<\/p>\n","protected":false},"author":1,"featured_media":0,"parent":0,"menu_order":13,"comment_status":"closed","ping_status":"closed","template":"","meta":{"footnotes":""},"class_list":["post-26","page","type-page","status-publish","hentry"],"_links":{"self":[{"href":"https:\/\/ktnag.de\/index.php?rest_route=\/wp\/v2\/pages\/26","targetHints":{"allow":["GET"]}}],"collection":[{"href":"https:\/\/ktnag.de\/index.php?rest_route=\/wp\/v2\/pages"}],"about":[{"href":"https:\/\/ktnag.de\/index.php?rest_route=\/wp\/v2\/types\/page"}],"author":[{"embeddable":true,"href":"https:\/\/ktnag.de\/index.php?rest_route=\/wp\/v2\/users\/1"}],"replies":[{"embeddable":true,"href":"https:\/\/ktnag.de\/index.php?rest_route=%2Fwp%2Fv2%2Fcomments&post=26"}],"version-history":[{"count":26,"href":"https:\/\/ktnag.de\/index.php?rest_route=\/wp\/v2\/pages\/26\/revisions"}],"predecessor-version":[{"id":998,"href":"https:\/\/ktnag.de\/index.php?rest_route=\/wp\/v2\/pages\/26\/revisions\/998"}],"wp:attachment":[{"href":"https:\/\/ktnag.de\/index.php?rest_route=%2Fwp%2Fv2%2Fmedia&parent=26"}],"curies":[{"name":"wp","href":"https:\/\/api.w.org\/{rel}","templated":true}]}}