{"id":27,"date":"2023-08-18T04:22:42","date_gmt":"2023-08-18T04:22:42","guid":{"rendered":"https:\/\/demo.farost.net\/wiseguard\/?page_id=27"},"modified":"2025-02-09T14:31:00","modified_gmt":"2025-02-09T14:31:00","slug":"services","status":"publish","type":"page","link":"https:\/\/ktnag.de\/?page_id=27","title":{"rendered":"Services"},"content":{"rendered":"\t\t<div data-elementor-type=\"wp-page\" data-elementor-id=\"27\" class=\"elementor elementor-27\">\n\t\t\t\t\t\t<section class=\"elementor-section elementor-top-section elementor-element elementor-element-046d8ba elementor-section-full_width elementor-section-height-default elementor-section-height-default cms-full-content-with-space-none cms-section-banner-no\" data-id=\"046d8ba\" data-element_type=\"section\" data-e-type=\"section\">\r\n\t\t\t\t\t\t<div class=\"elementor-container elementor-column-gap-no \" >\r\n\t\t\t        <div class=\"elementor-column elementor-col-100 elementor-top-column elementor-element elementor-element-e794275\" data-id=\"e794275\" data-element_type=\"column\" data-e-type=\"column\">\r\n            <div class=\"elementor-widget-wrap elementor-element-populated\">\r\n                \t\t<div class=\"elementor-element elementor-element-1dcfebf cms-eptitle-header-transparent-yes cms-eptitle-overlay-1 elementor-invisible elementor-widget elementor-widget-cms_page_title\" data-id=\"1dcfebf\" data-element_type=\"widget\" data-e-type=\"widget\" data-settings=\"{&quot;_animation&quot;:&quot;fadeInUp&quot;}\" data-widget_type=\"cms_page_title.default\">\n\t\t\t\t<div class=\"elementor-widget-container\">\n\t\t\t\t\t<img loading=\"lazy\" decoding=\"async\" width=\"2048\" height=\"1365\" src=\"https:\/\/ktnag.de\/wp-content\/uploads\/slider-6.webp\" class=\"cms-lazy lazy-loading img-cover cms-overlay\" alt=\"\" loading=\"lazy\" srcset=\"https:\/\/ktnag.de\/wp-content\/uploads\/slider-6.webp 2048w, https:\/\/ktnag.de\/wp-content\/uploads\/slider-6-300x200.webp 300w, https:\/\/ktnag.de\/wp-content\/uploads\/slider-6-80x53.webp 80w, https:\/\/ktnag.de\/wp-content\/uploads\/slider-6-600x400.webp 600w, https:\/\/ktnag.de\/wp-content\/uploads\/slider-6-570x380.webp 570w, https:\/\/ktnag.de\/wp-content\/uploads\/slider-6-1536x1024.webp 1536w, https:\/\/ktnag.de\/wp-content\/uploads\/slider-6-18x12.webp 18w\" sizes=\"auto, (max-width: 2048px) 100vw, 2048px\" \/><div class=\"cms-eptitle-overlay cms-overlay\"><\/div><div class=\"cms-eptitle cms-eptitle-2 relative z-top text-start\">\n\t<div class=\"cms-content container text-start d-flex justify-content-start\">\n\t\t<div class=\"cms--content d-flex justify-content-start\">\n\t\t\t<h1 class=\"cms-title w-100 text-75 text-tablet-50 text-mobile-40 font-700 lh-1 text-white empty-none\">Schutz und Pr\u00e4vention<br \/>\n<\/h1>\n\t\t\t<div class=\"cms-desc pt-20 w-100 text-17 font-700 text-white empty-none\">Mit unseren ma\u00dfgeschneiderten Sicherheitskonzepten sind Sie rundum gesch\u00fctzt - jederzeit, \u00fcberall.<br \/>\n<\/div>\n\t\t\t<div class=\"d-flex gap empty-none pt-5 w-100 justify-content-start\" style=\"--cms-gap:30px;--cms-gap-tablet:30px;--cms-gap-mobile:20px;\"><\/div>\n\t\t<\/div>\n\t<\/div>\n<\/div>\t\t\t\t<\/div>\n\t\t\t\t<\/div>\n\t\t            <\/div>\r\n        <\/div>\r\n        \t\t\t<\/div>\r\n\t\t<\/section>\r\n\t\t\t\t<section class=\"elementor-section elementor-top-section elementor-element elementor-element-240a579 pt-100 pb-110 p-tb-tablet-40 elementor-section-boxed elementor-section-height-default elementor-section-height-default cms-section-banner-no\" data-id=\"240a579\" data-element_type=\"section\" data-e-type=\"section\">\r\n\t\t\t\t\t\t<div class=\"elementor-container elementor-column-gap-default \" >\r\n\t\t\t        <div class=\"elementor-column elementor-col-100 elementor-top-column elementor-element elementor-element-1b7a5c6\" data-id=\"1b7a5c6\" data-element_type=\"column\" data-e-type=\"column\">\r\n            <div class=\"elementor-widget-wrap elementor-element-populated\">\r\n                \t\t<div class=\"elementor-element elementor-element-38ae772 pb-30 elementor-invisible elementor-widget elementor-widget-cms_heading\" data-id=\"38ae772\" data-element_type=\"widget\" data-e-type=\"widget\" data-settings=\"{&quot;_animation&quot;:&quot;fadeInUp&quot;}\" data-widget_type=\"cms_heading.default\">\n\t\t\t\t<div class=\"elementor-widget-container\">\n\t\t\t\t\t<div class=\"cms-eheading cms-eheading-1 text-center\">\n\t<div class=\"cms-smallheading empty-none font-700 text-16 pb-10 text-accent\">KTN Sicherheit<\/div>\n\t<h2 class=\"cms-heading empty-none text-\">Unsere Leistungen und Produkte:<\/h2>\n<\/div>\t\t\t\t<\/div>\n\t\t\t\t<\/div>\n\t\t\t\t<div class=\"elementor-element elementor-element-2b4c9d4 elementor-invisible elementor-widget elementor-widget-cms_service_grid\" data-id=\"2b4c9d4\" data-element_type=\"widget\" data-e-type=\"widget\" data-settings=\"{&quot;_animation&quot;:&quot;fadeInUp&quot;}\" data-widget_type=\"cms_service_grid.default\">\n\t\t\t\t<div class=\"elementor-widget-container\">\n\t\t\t\t\t\n<div id=\"cms_service_grid-2b4c9d4\" class=\"cms-grid cms-service-grid cms-grid-7\" data-layout=\"grid\" data-start-page=\"1\" data-max-pages=\"1\" data-total=\"5\" data-perpage=\"6\" data-next-link=\"\">\n    \n    <div class=\"cms-grid-content d-flex flex-col-3 flex-col-laptop3 flex-col-tablet-extra-3 flex-col-tablet-2 flex-col-mobile-extra-1 flex-col-mobile-1 gutter gutter-grid\" style=\"--gutter:40px;--gutter-tablet:30px;--gutter-mobile:20px;\">            <div class=\"cms-item cms-grid-item item-1\">\n                                    <div class=\"cms--item bg-white cms-hover-show-shadow cms-gradient-hover-accent-tb2\">\n                        <div class=\"cms-content p-50 p-lr-smobile-20 cms-shadow-2 cms-hover-shadow-1 cms-transition\">\n                                        <div class=\"cms-post-icon pb-30 lh-0\"> <i class=\"wiseguard-icon-surveillance cms-post--icon cms-transition d-block text-secondary-regular text-80\"><\/i> <\/div>\n                                    <h4 class=\"cms-heading text-23 pb-25 lh-1391\"><a href=\"https:\/\/ktnag.de\/?cms-service=kameratechnik\" class=\"text-secondary-darken text-hover-accent\">Kameratechnik<\/a><\/h4>\n                            <div class=\"cms-excerpt text-line-4 text-15 mb-n8\">Wir setzen auf innovative Kameratechnologien (CVI, TVI, IP) von Hikvison, Dahua, Axis sowie Pelco, die Ihnen h\u00f6chste Bildqualit\u00e4t und zuverl\u00e4ssige \u00dcberwachung bieten.<\/div>\n                        <\/div>\n                        <div class=\"cms-post-thumb relative\"><img loading=\"lazy\" decoding=\"async\" width=\"400\" height=\"168\" src=\"https:\/\/ktnag.de\/wp-content\/uploads\/elementor\/thumbs\/slider-8-qvxcntx51zydm1e5xu8qi69jx1gx0ix206wprbxdow.webp\" alt=\"slider-8\" class=\"cms-lazy lazy-loading relative overflow-hidden img-cover\" loading=\"lazy\" style=\"max-height:168px\" \/>                            <div class=\"cms-gradient-render\"><\/div>\n                            <a href=\"https:\/\/ktnag.de\/?cms-service=kameratechnik\" class=\"readmore bg-white bg-hover-secondary text-accent text-hover-white absolute center z-top\" title=\"Explore More\">\n                                <i class=\"cmsi-arrow-right rtl-flip text-10\"><\/i>\n                            <\/a>\n                        <\/div>                    <\/div>\n                            <\/div>\n                    <div class=\"cms-item cms-grid-item item-2\">\n                                    <div class=\"cms--item bg-white cms-hover-show-shadow cms-gradient-hover-accent-tb2\">\n                        <div class=\"cms-content p-50 p-lr-smobile-20 cms-shadow-2 cms-hover-shadow-1 cms-transition\">\n                                        <div class=\"cms-post-icon pb-30 lh-0\"> <i class=\"wiseguard-icon-alarm-system cms-post--icon cms-transition d-block text-secondary-regular text-80\"><\/i> <\/div>\n                                    <h4 class=\"cms-heading text-23 pb-25 lh-1391\"><a href=\"https:\/\/ktnag.de\/?cms-service=alarmanlagen-und-schliesssysteme\" class=\"text-secondary-darken text-hover-accent\">Alarmanlagen<\/a><\/h4>\n                            <div class=\"cms-excerpt text-line-4 text-15 mb-n8\">Moderne Sicherheitsl\u00f6sungen, wie Einbruchmeldeanlagen (Alarmanlagen) und Schlie\u00dfsysteme helfen, Einbr\u00fcche zu verhindern und Ihr Eigentum bestm\u00f6glich zu sch\u00fctzen.<\/div>\n                        <\/div>\n                        <div class=\"cms-post-thumb relative\"><img loading=\"lazy\" decoding=\"async\" width=\"400\" height=\"168\" src=\"https:\/\/ktnag.de\/wp-content\/uploads\/elementor\/thumbs\/service-2-qvxcntx51zydm1e5xu8qi69jx1gx0ix206wprbxdow.webp\" alt=\"service-2\" class=\"cms-lazy lazy-loading relative overflow-hidden img-cover\" loading=\"lazy\" style=\"max-height:168px\" \/>                            <div class=\"cms-gradient-render\"><\/div>\n                            <a href=\"https:\/\/ktnag.de\/?cms-service=alarmanlagen-und-schliesssysteme\" class=\"readmore bg-white bg-hover-secondary text-accent text-hover-white absolute center z-top\" title=\"Explore More\">\n                                <i class=\"cmsi-arrow-right rtl-flip text-10\"><\/i>\n                            <\/a>\n                        <\/div>                    <\/div>\n                            <\/div>\n                    <div class=\"cms-item cms-grid-item item-3\">\n                                    <div class=\"cms--item bg-white cms-hover-show-shadow cms-gradient-hover-accent-tb2\">\n                        <div class=\"cms-content p-50 p-lr-smobile-20 cms-shadow-2 cms-hover-shadow-1 cms-transition\">\n                                        <div class=\"cms-post-icon pb-30 lh-0\"> <i class=\"wiseguard-icon-door-key cms-post--icon cms-transition d-block text-secondary-regular text-80\"><\/i> <\/div>\n                                    <h4 class=\"cms-heading text-23 pb-25 lh-1391\"><a href=\"https:\/\/ktnag.de\/?cms-service=sicherheitspersonal\" class=\"text-secondary-darken text-hover-accent\">Sicherheitspersonal<\/a><\/h4>\n                            <div class=\"cms-excerpt text-line-4 text-15 mb-n8\">Ein durchdachtes Sicherheitskonzept f\u00fcr Unternehmen umfasst auch geschultes Sicherheitspersonal. Wir bieten Ihnen erfahrene Sicherheitskr\u00e4fte f\u00fcr den professionellen Schutz Ihres Unternehmens.<\/div>\n                        <\/div>\n                        <div class=\"cms-post-thumb relative\"><img loading=\"lazy\" decoding=\"async\" width=\"400\" height=\"168\" src=\"https:\/\/ktnag.de\/wp-content\/uploads\/elementor\/thumbs\/case-2-qvxcntx51zydm1e5xu8qi69jx1gx0ix206wprbxdow.webp\" alt=\"case-2\" class=\"cms-lazy lazy-loading relative overflow-hidden img-cover\" loading=\"lazy\" style=\"max-height:168px\" \/>                            <div class=\"cms-gradient-render\"><\/div>\n                            <a href=\"https:\/\/ktnag.de\/?cms-service=sicherheitspersonal\" class=\"readmore bg-white bg-hover-secondary text-accent text-hover-white absolute center z-top\" title=\"Explore More\">\n                                <i class=\"cmsi-arrow-right rtl-flip text-10\"><\/i>\n                            <\/a>\n                        <\/div>                    <\/div>\n                            <\/div>\n                    <div class=\"cms-item cms-grid-item item-4\">\n                                    <div class=\"cms--item bg-white cms-hover-show-shadow cms-gradient-hover-accent-tb2\">\n                        <div class=\"cms-content p-50 p-lr-smobile-20 cms-shadow-2 cms-hover-shadow-1 cms-transition\">\n                                        <div class=\"cms-post-icon pb-30 lh-0\"> <i class=\"wiseguard-icon-battery cms-post--icon cms-transition d-block text-secondary-regular text-80\"><\/i> <\/div>\n                                    <h4 class=\"cms-heading text-23 pb-25 lh-1391\"><a href=\"https:\/\/ktnag.de\/?cms-service=ermittlungen\" class=\"text-secondary-darken text-hover-accent\">Ermittlungen<\/a><\/h4>\n                            <div class=\"cms-excerpt text-line-4 text-15 mb-n8\">Wir unterst\u00fctzen Sie bei Ermittlungen und der Sicherstellung gerichtsverwertbarer Beweise. Unsere spezialisierten Ermittler arbeiten diskret und effizient, um relevante Informationen zu sammeln.<\/div>\n                        <\/div>\n                        <div class=\"cms-post-thumb relative\"><img loading=\"lazy\" decoding=\"async\" width=\"400\" height=\"168\" src=\"https:\/\/ktnag.de\/wp-content\/uploads\/elementor\/thumbs\/house_and_haven-r1ekxjdp88dh2o15s1itbgddljraniqk2s1dauv6vk.jpg\" alt=\"house_and_haven\" class=\"cms-lazy lazy-loading relative overflow-hidden img-cover\" loading=\"lazy\" style=\"max-height:168px\" \/>                            <div class=\"cms-gradient-render\"><\/div>\n                            <a href=\"https:\/\/ktnag.de\/?cms-service=ermittlungen\" class=\"readmore bg-white bg-hover-secondary text-accent text-hover-white absolute center z-top\" title=\"Explore More\">\n                                <i class=\"cmsi-arrow-right rtl-flip text-10\"><\/i>\n                            <\/a>\n                        <\/div>                    <\/div>\n                            <\/div>\n                    <div class=\"cms-item cms-grid-item item-5\">\n                                    <div class=\"cms--item bg-white cms-hover-show-shadow cms-gradient-hover-accent-tb2\">\n                        <div class=\"cms-content p-50 p-lr-smobile-20 cms-shadow-2 cms-hover-shadow-1 cms-transition\">\n                                        <div class=\"cms-post-icon pb-30 lh-0\"> <i class=\"wiseguard-icon-24-hours cms-post--icon cms-transition d-block text-secondary-regular text-80\"><\/i> <\/div>\n                                    <h4 class=\"cms-heading text-23 pb-25 lh-1391\"><a href=\"https:\/\/ktnag.de\/?cms-service=gefahrenanalyse\" class=\"text-secondary-darken text-hover-accent\">Gefahrenanalyse<\/a><\/h4>\n                            <div class=\"cms-excerpt text-line-4 text-15 mb-n8\">Eine individuelle Gefahrenanalyse erm\u00f6glicht es, gezielte Schutzma\u00dfnahmen zu entwickeln, die sich an den spezifischen Bed\u00fcrfnissen von Gewerbebetrieben und privaten Haushalten orientieren.<\/div>\n                        <\/div>\n                        <div class=\"cms-post-thumb relative\"><img loading=\"lazy\" decoding=\"async\" width=\"400\" height=\"168\" src=\"https:\/\/ktnag.de\/wp-content\/uploads\/elementor\/thumbs\/industry-6-qvxcntx51zydm1e5xu8qi69jx1gx0ix206wprbxdow.webp\" alt=\"industry-6\" class=\"cms-lazy lazy-loading relative overflow-hidden img-cover\" loading=\"lazy\" style=\"max-height:168px\" \/>                            <div class=\"cms-gradient-render\"><\/div>\n                            <a href=\"https:\/\/ktnag.de\/?cms-service=gefahrenanalyse\" class=\"readmore bg-white bg-hover-secondary text-accent text-hover-white absolute center z-top\" title=\"Explore More\">\n                                <i class=\"cmsi-arrow-right rtl-flip text-10\"><\/i>\n                            <\/a>\n                        <\/div>                    <\/div>\n                            <\/div>\n        <\/div>\n    <\/div>\t\t\t\t<\/div>\n\t\t\t\t<\/div>\n\t\t            <\/div>\r\n        <\/div>\r\n        \t\t\t<\/div>\r\n\t\t<\/section>\r\n\t\t\t\t<\/div>\n\t\t","protected":false},"excerpt":{"rendered":"<p>Schutz und Pr\u00e4vention Mit unseren ma\u00dfgeschneiderten Sicherheitskonzepten sind Sie rundum gesch\u00fctzt &#8211; jederzeit, \u00fcberall. KTN Sicherheit Unsere Leistungen und Produkte: Smarter Business Security Clever security system connects security, CCTV, lights, locks and more, for seamless automation and control offer more enhanced features, better security, and increased. Fire Detection &amp; Life Safety We&#8217;re industry leaders in [&hellip;]<\/p>\n","protected":false},"author":1,"featured_media":0,"parent":0,"menu_order":14,"comment_status":"closed","ping_status":"closed","template":"","meta":{"footnotes":""},"class_list":["post-27","page","type-page","status-publish","hentry"],"_links":{"self":[{"href":"https:\/\/ktnag.de\/index.php?rest_route=\/wp\/v2\/pages\/27","targetHints":{"allow":["GET"]}}],"collection":[{"href":"https:\/\/ktnag.de\/index.php?rest_route=\/wp\/v2\/pages"}],"about":[{"href":"https:\/\/ktnag.de\/index.php?rest_route=\/wp\/v2\/types\/page"}],"author":[{"embeddable":true,"href":"https:\/\/ktnag.de\/index.php?rest_route=\/wp\/v2\/users\/1"}],"replies":[{"embeddable":true,"href":"https:\/\/ktnag.de\/index.php?rest_route=%2Fwp%2Fv2%2Fcomments&post=27"}],"version-history":[{"count":24,"href":"https:\/\/ktnag.de\/index.php?rest_route=\/wp\/v2\/pages\/27\/revisions"}],"predecessor-version":[{"id":730,"href":"https:\/\/ktnag.de\/index.php?rest_route=\/wp\/v2\/pages\/27\/revisions\/730"}],"wp:attachment":[{"href":"https:\/\/ktnag.de\/index.php?rest_route=%2Fwp%2Fv2%2Fmedia&parent=27"}],"curies":[{"name":"wp","href":"https:\/\/api.w.org\/{rel}","templated":true}]}}